{"id":240,"date":"2026-03-17T13:13:17","date_gmt":"2026-03-17T11:13:17","guid":{"rendered":"https:\/\/epi.vet\/?page_id=240"},"modified":"2026-04-06T16:54:52","modified_gmt":"2026-04-06T14:54:52","slug":"henkilokunta","status":"publish","type":"page","link":"https:\/\/epi.vet\/index.php\/henkilokunta\/","title":{"rendered":"Henkil\u00f6kunta"},"content":{"rendered":"\t\t<div data-elementor-type=\"wp-page\" data-elementor-id=\"240\" class=\"elementor elementor-240\" data-elementor-post-type=\"page\">\n\t\t\t\t<div data-particle_enable=\"false\" data-particle-mobile-disabled=\"false\" class=\"elementor-element elementor-element-45133b67 e-con-full e-flex e-con e-parent\" data-id=\"45133b67\" data-element_type=\"container\" data-e-type=\"container\">\n\t\t\t\t<div class=\"elementor-element elementor-element-7500767a e-fit_to_content e-n-menu-layout-horizontal e-n-menu-tablet elementor-widget elementor-widget-n-menu\" data-id=\"7500767a\" data-element_type=\"widget\" data-e-type=\"widget\" data-settings=\"{&quot;menu_items&quot;:[{&quot;item_title&quot;:&quot;Etusivu  \\u00bb&quot;,&quot;_id&quot;:&quot;ba2d75e&quot;,&quot;item_link&quot;:{&quot;url&quot;:&quot;https:\\\/\\\/epi.vet\\\/&quot;,&quot;is_external&quot;:&quot;&quot;,&quot;nofollow&quot;:&quot;&quot;,&quot;custom_attributes&quot;:&quot;&quot;},&quot;item_dropdown_content&quot;:&quot;no&quot;,&quot;item_icon&quot;:{&quot;value&quot;:&quot;&quot;,&quot;library&quot;:&quot;&quot;},&quot;item_icon_active&quot;:null,&quot;element_id&quot;:&quot;&quot;},{&quot;item_title&quot;:&quot;Palvelumme \\u00bb&quot;,&quot;_id&quot;:&quot;b156074&quot;,&quot;item_link&quot;:{&quot;url&quot;:&quot;https:\\\/\\\/epi.vet\\\/index.php\\\/palvelumme\\\/&quot;,&quot;is_external&quot;:&quot;&quot;,&quot;nofollow&quot;:&quot;&quot;,&quot;custom_attributes&quot;:&quot;&quot;},&quot;item_dropdown_content&quot;:&quot;no&quot;,&quot;item_icon&quot;:{&quot;value&quot;:&quot;&quot;,&quot;library&quot;:&quot;&quot;},&quot;item_icon_active&quot;:null,&quot;element_id&quot;:&quot;&quot;},{&quot;item_title&quot;:&quot;Henkil\\u00f6kunta&quot;,&quot;_id&quot;:&quot;ce7ebfd&quot;,&quot;item_link&quot;:{&quot;url&quot;:&quot;#&quot;,&quot;is_external&quot;:&quot;&quot;,&quot;nofollow&quot;:&quot;&quot;,&quot;custom_attributes&quot;:&quot;&quot;},&quot;item_dropdown_content&quot;:&quot;no&quot;,&quot;item_icon&quot;:{&quot;value&quot;:&quot;&quot;,&quot;library&quot;:&quot;&quot;},&quot;item_icon_active&quot;:null,&quot;element_id&quot;:&quot;&quot;},{&quot;_id&quot;:&quot;7c3e64b&quot;,&quot;item_title&quot;:&quot;Hinnasto \\u00bb&quot;,&quot;item_link&quot;:{&quot;url&quot;:&quot;https:\\\/\\\/epi.vet\\\/index.php\\\/hinnasto\\\/&quot;,&quot;is_external&quot;:&quot;&quot;,&quot;nofollow&quot;:&quot;&quot;,&quot;custom_attributes&quot;:&quot;&quot;},&quot;item_dropdown_content&quot;:&quot;no&quot;,&quot;item_icon&quot;:{&quot;value&quot;:&quot;&quot;,&quot;library&quot;:&quot;&quot;},&quot;item_icon_active&quot;:null,&quot;element_id&quot;:&quot;&quot;},{&quot;_id&quot;:&quot;7817e46&quot;,&quot;item_title&quot;:&quot;Aukioloajat \\u00bb&quot;,&quot;item_link&quot;:{&quot;url&quot;:&quot;https:\\\/\\\/epi.vet\\\/#aukioloajat&quot;,&quot;is_external&quot;:&quot;&quot;,&quot;nofollow&quot;:&quot;&quot;,&quot;custom_attributes&quot;:&quot;&quot;},&quot;item_dropdown_content&quot;:&quot;no&quot;,&quot;item_icon&quot;:{&quot;value&quot;:&quot;&quot;,&quot;library&quot;:&quot;&quot;},&quot;item_icon_active&quot;:null,&quot;element_id&quot;:&quot;&quot;},{&quot;_id&quot;:&quot;47821a7&quot;,&quot;item_title&quot;:&quot;Artikkelit \\u00bb&quot;,&quot;item_link&quot;:{&quot;url&quot;:&quot;https:\\\/\\\/epi.vet\\\/index.php\\\/artikkelit\\\/&quot;,&quot;is_external&quot;:&quot;&quot;,&quot;nofollow&quot;:&quot;&quot;,&quot;custom_attributes&quot;:&quot;&quot;},&quot;item_dropdown_content&quot;:&quot;no&quot;,&quot;item_icon&quot;:{&quot;value&quot;:&quot;&quot;,&quot;library&quot;:&quot;&quot;},&quot;item_icon_active&quot;:null,&quot;element_id&quot;:&quot;&quot;},{&quot;_id&quot;:&quot;81d5eed&quot;,&quot;item_title&quot;:&quot;Galleria \\u00bb&quot;,&quot;item_link&quot;:{&quot;url&quot;:&quot;https:\\\/\\\/epi.vet\\\/index.php\\\/galleria\\\/&quot;,&quot;is_external&quot;:&quot;&quot;,&quot;nofollow&quot;:&quot;&quot;,&quot;custom_attributes&quot;:&quot;&quot;},&quot;item_dropdown_content&quot;:&quot;no&quot;,&quot;item_icon&quot;:{&quot;value&quot;:&quot;&quot;,&quot;library&quot;:&quot;&quot;},&quot;item_icon_active&quot;:null,&quot;element_id&quot;:&quot;&quot;},{&quot;_id&quot;:&quot;8689d3c&quot;,&quot;item_title&quot;:&quot;Yhteystiedot \\u00bb&quot;,&quot;item_link&quot;:{&quot;url&quot;:&quot;#yhteystiedot&quot;,&quot;is_external&quot;:&quot;&quot;,&quot;nofollow&quot;:&quot;&quot;,&quot;custom_attributes&quot;:&quot;&quot;},&quot;item_dropdown_content&quot;:&quot;no&quot;,&quot;item_icon&quot;:{&quot;value&quot;:&quot;&quot;,&quot;library&quot;:&quot;&quot;},&quot;item_icon_active&quot;:null,&quot;element_id&quot;:&quot;&quot;}],&quot;content_width&quot;:&quot;fit_to_content&quot;,&quot;item_position_horizontal&quot;:&quot;center&quot;,&quot;content_horizontal_position&quot;:&quot;center&quot;,&quot;item_layout&quot;:&quot;horizontal&quot;,&quot;open_on&quot;:&quot;hover&quot;,&quot;horizontal_scroll&quot;:&quot;disable&quot;,&quot;breakpoint_selector&quot;:&quot;tablet&quot;,&quot;menu_item_title_distance_from_content&quot;:{&quot;unit&quot;:&quot;px&quot;,&quot;size&quot;:0,&quot;sizes&quot;:[]},&quot;menu_item_title_distance_from_content_tablet&quot;:{&quot;unit&quot;:&quot;px&quot;,&quot;size&quot;:&quot;&quot;,&quot;sizes&quot;:[]},&quot;menu_item_title_distance_from_content_mobile&quot;:{&quot;unit&quot;:&quot;px&quot;,&quot;size&quot;:&quot;&quot;,&quot;sizes&quot;:[]}}\" data-widget_type=\"mega-menu.default\">\n\t\t\t\t\t\t\t<nav class=\"e-n-menu\" data-widget-number=\"196\" aria-label=\"Menu\">\n\t\t\t\t\t<button class=\"e-n-menu-toggle\" id=\"menu-toggle-196\" aria-haspopup=\"true\" aria-expanded=\"false\" aria-controls=\"menubar-196\" aria-label=\"Menu Toggle\">\n\t\t\t<span class=\"e-n-menu-toggle-icon e-open\">\n\t\t\t\t<svg class=\"e-font-icon-svg e-eicon-menu-bar\" viewBox=\"0 0 1000 1000\" xmlns=\"http:\/\/www.w3.org\/2000\/svg\"><path d=\"M104 333H896C929 333 958 304 958 271S929 208 896 208H104C71 208 42 237 42 271S71 333 104 333ZM104 583H896C929 583 958 554 958 521S929 458 896 458H104C71 458 42 487 42 521S71 583 104 583ZM104 833H896C929 833 958 804 958 771S929 708 896 708H104C71 708 42 737 42 771S71 833 104 833Z\"><\/path><\/svg>\t\t\t<\/span>\n\t\t\t<span class=\"e-n-menu-toggle-icon e-close\">\n\t\t\t\t<svg class=\"e-font-icon-svg e-eicon-close\" viewBox=\"0 0 1000 1000\" xmlns=\"http:\/\/www.w3.org\/2000\/svg\"><path d=\"M742 167L500 408 258 167C246 154 233 150 217 150 196 150 179 158 167 167 154 179 150 196 150 212 150 229 154 242 171 254L408 500 167 742C138 771 138 800 167 829 196 858 225 858 254 829L496 587 738 829C750 842 767 846 783 846 800 846 817 842 829 829 842 817 846 804 846 783 846 767 842 750 829 737L588 500 833 258C863 229 863 200 833 171 804 137 775 137 742 167Z\"><\/path><\/svg>\t\t\t<\/span>\n\t\t<\/button>\n\t\t\t\t\t<div class=\"e-n-menu-wrapper\" id=\"menubar-196\" aria-labelledby=\"menu-toggle-196\">\n\t\t\t\t<ul class=\"e-n-menu-heading\">\n\t\t\t\t\t\t\t\t<li class=\"e-n-menu-item\">\n\t\t\t\t<div id=\"e-n-menu-title-1961\" class=\"e-n-menu-title\">\n\t\t\t\t\t<a class=\"e-n-menu-title-container e-focus e-link\" href=\"https:\/\/epi.vet\/\">\t\t\t\t\t\t\t\t\t\t\t\t<span class=\"e-n-menu-title-text\">\n\t\t\t\t\t\t\tEtusivu  \u00bb\t\t\t\t\t\t<\/span>\n\t\t\t\t\t<\/a>\t\t\t\t\t\t\t\t\t<\/div>\n\t\t\t\t\t\t\t<\/li>\n\t\t\t\t\t<li class=\"e-n-menu-item\">\n\t\t\t\t<div id=\"e-n-menu-title-1962\" class=\"e-n-menu-title\">\n\t\t\t\t\t<a class=\"e-n-menu-title-container e-focus e-link\" href=\"https:\/\/epi.vet\/index.php\/palvelumme\/\">\t\t\t\t\t\t\t\t\t\t\t\t<span class=\"e-n-menu-title-text\">\n\t\t\t\t\t\t\tPalvelumme \u00bb\t\t\t\t\t\t<\/span>\n\t\t\t\t\t<\/a>\t\t\t\t\t\t\t\t\t<\/div>\n\t\t\t\t\t\t\t<\/li>\n\t\t\t\t\t<li class=\"e-n-menu-item\">\n\t\t\t\t<div id=\"e-n-menu-title-1963\" class=\"e-n-menu-title e-anchor\">\n\t\t\t\t\t<a class=\"e-n-menu-title-container e-focus e-link\" href=\"#\" aria-current=\"page\">\t\t\t\t\t\t\t\t\t\t\t\t<span class=\"e-n-menu-title-text\">\n\t\t\t\t\t\t\tHenkil\u00f6kunta\t\t\t\t\t\t<\/span>\n\t\t\t\t\t<\/a>\t\t\t\t\t\t\t\t\t<\/div>\n\t\t\t\t\t\t\t<\/li>\n\t\t\t\t\t<li class=\"e-n-menu-item\">\n\t\t\t\t<div id=\"e-n-menu-title-1964\" class=\"e-n-menu-title\">\n\t\t\t\t\t<a class=\"e-n-menu-title-container e-focus e-link\" href=\"https:\/\/epi.vet\/index.php\/hinnasto\/\">\t\t\t\t\t\t\t\t\t\t\t\t<span class=\"e-n-menu-title-text\">\n\t\t\t\t\t\t\tHinnasto \u00bb\t\t\t\t\t\t<\/span>\n\t\t\t\t\t<\/a>\t\t\t\t\t\t\t\t\t<\/div>\n\t\t\t\t\t\t\t<\/li>\n\t\t\t\t\t<li class=\"e-n-menu-item\">\n\t\t\t\t<div id=\"e-n-menu-title-1965\" class=\"e-n-menu-title e-anchor\">\n\t\t\t\t\t<a class=\"e-n-menu-title-container e-focus e-link\" href=\"https:\/\/epi.vet\/#aukioloajat\" aria-current=\"page\">\t\t\t\t\t\t\t\t\t\t\t\t<span class=\"e-n-menu-title-text\">\n\t\t\t\t\t\t\tAukioloajat \u00bb\t\t\t\t\t\t<\/span>\n\t\t\t\t\t<\/a>\t\t\t\t\t\t\t\t\t<\/div>\n\t\t\t\t\t\t\t<\/li>\n\t\t\t\t\t<li class=\"e-n-menu-item\">\n\t\t\t\t<div id=\"e-n-menu-title-1966\" class=\"e-n-menu-title\">\n\t\t\t\t\t<a class=\"e-n-menu-title-container e-focus e-link\" href=\"https:\/\/epi.vet\/index.php\/artikkelit\/\">\t\t\t\t\t\t\t\t\t\t\t\t<span class=\"e-n-menu-title-text\">\n\t\t\t\t\t\t\tArtikkelit \u00bb\t\t\t\t\t\t<\/span>\n\t\t\t\t\t<\/a>\t\t\t\t\t\t\t\t\t<\/div>\n\t\t\t\t\t\t\t<\/li>\n\t\t\t\t\t<li class=\"e-n-menu-item\">\n\t\t\t\t<div id=\"e-n-menu-title-1967\" class=\"e-n-menu-title\">\n\t\t\t\t\t<a class=\"e-n-menu-title-container e-focus e-link\" href=\"https:\/\/epi.vet\/index.php\/galleria\/\">\t\t\t\t\t\t\t\t\t\t\t\t<span class=\"e-n-menu-title-text\">\n\t\t\t\t\t\t\tGalleria \u00bb\t\t\t\t\t\t<\/span>\n\t\t\t\t\t<\/a>\t\t\t\t\t\t\t\t\t<\/div>\n\t\t\t\t\t\t\t<\/li>\n\t\t\t\t\t<li class=\"e-n-menu-item\">\n\t\t\t\t<div id=\"e-n-menu-title-1968\" class=\"e-n-menu-title e-anchor\">\n\t\t\t\t\t<a class=\"e-n-menu-title-container e-focus e-link\" href=\"#yhteystiedot\" aria-current=\"page\">\t\t\t\t\t\t\t\t\t\t\t\t<span class=\"e-n-menu-title-text\">\n\t\t\t\t\t\t\tYhteystiedot \u00bb\t\t\t\t\t\t<\/span>\n\t\t\t\t\t<\/a>\t\t\t\t\t\t\t\t\t<\/div>\n\t\t\t\t\t\t\t<\/li>\n\t\t\t\t\t\t<\/ul>\n\t\t\t<\/div>\n\t\t<\/nav>\n\t\t\t\t\t\t<\/div>\n\t\t\t\t<\/div>\n\t\t<div data-particle_enable=\"false\" data-particle-mobile-disabled=\"false\" class=\"elementor-element elementor-element-2be70feb e-flex e-con-boxed e-con e-parent\" data-id=\"2be70feb\" data-element_type=\"container\" data-e-type=\"container\">\n\t\t\t\t\t<div class=\"e-con-inner\">\n\t\t\t\t<div class=\"elementor-element elementor-element-82ac093 elementor-widget elementor-widget-heading\" data-id=\"82ac093\" data-element_type=\"widget\" data-e-type=\"widget\" data-widget_type=\"heading.default\">\n\t\t\t\t\t<h2 class=\"elementor-heading-title elementor-size-default\">Henkil\u00f6kunta<\/h2>\t\t\t\t<\/div>\n\t\t\t\t\t<\/div>\n\t\t\t\t<\/div>\n\t\t<div data-particle_enable=\"false\" data-particle-mobile-disabled=\"false\" class=\"elementor-element elementor-element-da15271 e-flex e-con-boxed e-con e-parent\" data-id=\"da15271\" data-element_type=\"container\" data-e-type=\"container\">\n\t\t\t\t\t<div class=\"e-con-inner\">\n\t\t<div data-particle_enable=\"false\" data-particle-mobile-disabled=\"false\" class=\"elementor-element elementor-element-e8b0938 e-con-full e-flex e-con e-child\" data-id=\"e8b0938\" data-element_type=\"container\" data-e-type=\"container\">\n\t\t\t\t<div class=\"elementor-element elementor-element-b4c4585 elementor-widget elementor-widget-image\" data-id=\"b4c4585\" data-element_type=\"widget\" data-e-type=\"widget\" data-widget_type=\"image.default\">\n\t\t\t\t\t\t\t\t\t\t\t\t<figure class=\"wp-caption\">\n\t\t\t\t\t\t\t\t\t\t<img fetchpriority=\"high\" decoding=\"async\" width=\"768\" height=\"1154\" src=\"https:\/\/epi.vet\/wp-content\/uploads\/2026\/04\/Z62_8372-768x1154.jpg\" class=\"attachment-medium_large size-medium_large wp-image-958\" alt=\"\" srcset=\"https:\/\/epi.vet\/wp-content\/uploads\/2026\/04\/Z62_8372-768x1154.jpg 768w, https:\/\/epi.vet\/wp-content\/uploads\/2026\/04\/Z62_8372-200x300.jpg 200w, https:\/\/epi.vet\/wp-content\/uploads\/2026\/04\/Z62_8372-681x1024.jpg 681w, https:\/\/epi.vet\/wp-content\/uploads\/2026\/04\/Z62_8372-1022x1536.jpg 1022w, https:\/\/epi.vet\/wp-content\/uploads\/2026\/04\/Z62_8372-1363x2048.jpg 1363w, https:\/\/epi.vet\/wp-content\/uploads\/2026\/04\/Z62_8372-scaled.jpg 1703w\" sizes=\"(max-width: 768px) 100vw, 768px\" \/>\t\t\t\t\t\t\t\t\t\t\t<figcaption class=\"widget-image-caption wp-caption-text\">El\u00e4inl\u00e4\u00e4k\u00e4ri   |   perustaja   |   toimitusjohtaja<\/figcaption>\n\t\t\t\t\t\t\t\t\t\t<\/figure>\n\t\t\t\t\t\t\t\t\t<\/div>\n\t\t\t\t<\/div>\n\t\t<div data-particle_enable=\"false\" data-particle-mobile-disabled=\"false\" class=\"elementor-element elementor-element-369202a e-con-full e-flex e-con e-child\" data-id=\"369202a\" data-element_type=\"container\" data-e-type=\"container\">\n\t\t\t\t<div class=\"elementor-element elementor-element-ce3b29b elementor-widget elementor-widget-text-editor\" data-id=\"ce3b29b\" data-element_type=\"widget\" data-e-type=\"widget\" data-widget_type=\"text-editor.default\">\n\t\t\t\t\t\t\t\t\t<p>Olen\u00a0<b style=\"font-family: Blinker, sans-serif; text-align: center;\">Erno Miettinen\u00a0<\/b>el\u00e4inl\u00e4\u00e4k\u00e4ri, EpiVet Oy:n perustaja ja toimitusjohtaja. Valmistuin el\u00e4inl\u00e4\u00e4k\u00e4riksi Helsingin yliopiston el\u00e4inl\u00e4\u00e4ketieteellisest\u00e4 tiedekunnasta Viikist\u00e4, ja minulla on l\u00e4hes yhdeks\u00e4n vuoden kokemus pienel\u00e4inl\u00e4\u00e4ketieteest\u00e4.<\/p><p>Erityisosaamiseni painottuu pienel\u00e4inkirurgiaan. Teen ortopedisia leikkauksia, pehmytkudoskirurgiaa sek\u00e4 valikoidusti neurokirurgisia toimenpiteit\u00e4. Lis\u00e4ksi teen useita silm\u00e4kirurgisia leikkauksia. Kirurginen ty\u00f6 on minulle erityinen intohimon kohde, ja kehit\u00e4n osaamistani jatkuvasti kouluttautumalla ja seuraamalla alan uusinta tutkimusta.<\/p><p>Perustin EpiVetin halusta tehd\u00e4 el\u00e4inl\u00e4\u00e4k\u00e4rity\u00f6t\u00e4 itsen\u00e4isesti ja arvojeni mukaisesti. Halusin<br \/>luoda klinikan, jossa hoitop\u00e4\u00e4t\u00f6ksi\u00e4 ohjaavat ennen kaikkea el\u00e4imen etu, l\u00e4\u00e4ketieteellinen<br \/>laatu ja eettisyys \u2013 ei ketjuohjattu toimintamalli tai hinnoittelu.<\/p><p>Ty\u00f6skentelyss\u00e4ni korostuvat rauhallinen ja el\u00e4inyst\u00e4v\u00e4llinen k\u00e4sittely, perusteellinen<br \/>diagnostiikka sek\u00e4 kokonaisvaltainen el\u00e4in- ja asiakasl\u00e4ht\u00f6isyys. Pyrin aina l\u00f6yt\u00e4m\u00e4\u00e4n<br \/>jokaiselle potilaalle yksil\u00f6llisesti parhaan mahdollisen hoitoratkaisun. Minua kuvaillaan usein<br \/>tarkaksi, suorapuheiseksi ja empaattiseksi el\u00e4inl\u00e4\u00e4k\u00e4riksi, jolle ammattietiikka on ty\u00f6n t\u00e4rkein perusta.<\/p><p>Vapaa-ajallani liikun mielell\u00e4ni luonnossa ja lenkkeilen koirani Briannan kanssa. Harrastan<br \/>my\u00f6s lihaskuntoharjoittelua kotona ja k\u00e4yt\u00e4n paljon aikaa ammatilliseen opiskeluun. Arjessa minulle t\u00e4rke\u00e4\u00e4 on perhe-el\u00e4m\u00e4 \u2013 viet\u00e4n aikaa lasteni sek\u00e4 puolisoni kanssa. Puolisoni on perustanut kanssani t\u00e4m\u00e4n klinikan.<\/p><p><strong>Olemme tiivis tiimi kaikkialla.<\/strong><\/p>\t\t\t\t\t\t\t\t<\/div>\n\t\t\t\t<\/div>\n\t\t\t\t\t<\/div>\n\t\t\t\t<\/div>\n\t\t<div data-particle_enable=\"false\" data-particle-mobile-disabled=\"false\" class=\"elementor-element elementor-element-7eea571 e-flex e-con-boxed e-con e-parent\" data-id=\"7eea571\" data-element_type=\"container\" data-e-type=\"container\">\n\t\t\t\t\t<div class=\"e-con-inner\">\n\t\t<div data-particle_enable=\"false\" data-particle-mobile-disabled=\"false\" class=\"elementor-element elementor-element-73fdcc1 e-con-full e-flex e-con e-child\" data-id=\"73fdcc1\" data-element_type=\"container\" data-e-type=\"container\">\n\t\t\t\t<div class=\"elementor-element elementor-element-de47306 elementor-widget elementor-widget-image\" data-id=\"de47306\" data-element_type=\"widget\" data-e-type=\"widget\" id=\"venla\" data-widget_type=\"image.default\">\n\t\t\t\t\t\t\t\t\t\t\t\t<figure class=\"wp-caption\">\n\t\t\t\t\t\t\t\t\t\t<img decoding=\"async\" width=\"768\" height=\"511\" src=\"https:\/\/epi.vet\/wp-content\/uploads\/2026\/04\/Z63_8065-768x511.jpg\" class=\"attachment-medium_large size-medium_large wp-image-960\" alt=\"\" srcset=\"https:\/\/epi.vet\/wp-content\/uploads\/2026\/04\/Z63_8065-768x511.jpg 768w, https:\/\/epi.vet\/wp-content\/uploads\/2026\/04\/Z63_8065-300x200.jpg 300w, https:\/\/epi.vet\/wp-content\/uploads\/2026\/04\/Z63_8065-1024x681.jpg 1024w, https:\/\/epi.vet\/wp-content\/uploads\/2026\/04\/Z63_8065-1536x1022.jpg 1536w, https:\/\/epi.vet\/wp-content\/uploads\/2026\/04\/Z63_8065-2048x1363.jpg 2048w\" sizes=\"(max-width: 768px) 100vw, 768px\" \/>\t\t\t\t\t\t\t\t\t\t\t<figcaption class=\"widget-image-caption wp-caption-text\">Klinikkael\u00e4inhoitaja  | perustaja  | omistaja<\/figcaption>\n\t\t\t\t\t\t\t\t\t\t<\/figure>\n\t\t\t\t\t\t\t\t\t<\/div>\n\t\t\t\t<\/div>\n\t\t<div data-particle_enable=\"false\" data-particle-mobile-disabled=\"false\" class=\"elementor-element elementor-element-36a495d e-con-full e-flex e-con e-child\" data-id=\"36a495d\" data-element_type=\"container\" data-e-type=\"container\">\n\t\t\t\t<div class=\"elementor-element elementor-element-b56dacf elementor-widget elementor-widget-text-editor\" data-id=\"b56dacf\" data-element_type=\"widget\" data-e-type=\"widget\" data-widget_type=\"text-editor.default\">\n\t\t\t\t\t\t\t\t\t<p>Olen <strong>Venla Kupiainen<\/strong>, klinikkael\u00e4inhoitaja sek\u00e4 EpiVet Oy:n perustaja ja omistaja. Olen ty\u00f6skennellyt klinikkael\u00e4inhoitajana vuodesta 2023 ja EpiVet-el\u00e4inl\u00e4\u00e4k\u00e4riaseman perustimme yhdess\u00e4 maaliskuussa 2025.<\/p><p>Kouluttauduin klinikkael\u00e4inhoitajaksi Helsingin Taitotalossa.<\/p><p>Erityisosaamistani ovat labrapuolen hallinta, sek\u00e4 hammashoito. Klinikan arjessa ty\u00f6ni on monipuolista: vastaan asiakaspalvelusta ja ajanvarauksista, avustan toimenpiteiss\u00e4 ja teen pieni\u00e4 toimenpiteit\u00e4, hoidan laboratorion\u00e4ytteit\u00e4 sek\u00e4 vastaan klinikan hallinnoinnista.<\/p><p>Pid\u00e4n ty\u00f6ss\u00e4ni erityisesti siit\u00e4, ett\u00e4 voimme aidosti auttaa el\u00e4imi\u00e4 ja heid\u00e4n omistajiaan.<\/p><p>Minulle on t\u00e4rke\u00e4\u00e4, ett\u00e4 asiakkaat kokevat saavansa meilt\u00e4 apua kaikkiin tilanteisiin. El\u00e4inten k\u00e4sittelij\u00e4n\u00e4 olen rauhallinen ja koen vahvuudekseni kyvyn lukea el\u00e4inten k\u00e4yt\u00f6st\u00e4 ja l\u00e4hesty\u00e4 jokaista potilasta niiden yksil\u00f6lliset tarpeet huomioiden. Vastaanotan jokaisen lemmikin ilolla vastaanotollemme.<\/p><p>Kotona arkeani ilahduttaa yhteinen koiramme Brianna. Koirat ovat erityisen l\u00e4hell\u00e4 syd\u00e4nt\u00e4ni, mutta pid\u00e4n l\u00e4hes kaikista el\u00e4imist\u00e4. Minulla on kokemusta my\u00f6s hevosista, sek\u00e4 kaneista ja jyrsij\u00f6ist\u00e4.<\/p><p>Vapaa-ajallani keskityn perhe-el\u00e4m\u00e4\u00e4n ja viet\u00e4n aikaa kahden pienen lapseni kanssa sek\u00e4 koko perheen kesken.<br \/><strong><br \/><\/strong>Puolisoni kanssa<strong> olemme ly\u00f6m\u00e4t\u00f6n tiimi<\/strong>; <br \/>arki ja ty\u00f6skentely ovat parhautta yhdess\u00e4.<\/p>\t\t\t\t\t\t\t\t<\/div>\n\t\t\t\t<\/div>\n\t\t\t\t\t<\/div>\n\t\t\t\t<\/div>\n\t\t<div data-particle_enable=\"false\" data-particle-mobile-disabled=\"false\" class=\"elementor-element elementor-element-00626a4 e-flex e-con-boxed e-con e-parent\" data-id=\"00626a4\" data-element_type=\"container\" data-e-type=\"container\">\n\t\t\t\t\t<div class=\"e-con-inner\">\n\t\t\t\t\t<\/div>\n\t\t\t\t<\/div>\n\t\t<div data-particle_enable=\"false\" data-particle-mobile-disabled=\"false\" class=\"elementor-element elementor-element-c090654 e-flex e-con-boxed e-con e-parent\" data-id=\"c090654\" data-element_type=\"container\" data-e-type=\"container\">\n\t\t\t\t\t<div class=\"e-con-inner\">\n\t\t\t\t<div class=\"elementor-element elementor-element-3e22dc05 elementor-widget-divider--view-line elementor-widget elementor-widget-divider\" data-id=\"3e22dc05\" data-element_type=\"widget\" data-e-type=\"widget\" data-widget_type=\"divider.default\">\n\t\t\t\t\t\t\t<div class=\"elementor-divider\">\n\t\t\t<span class=\"elementor-divider-separator\">\n\t\t\t\t\t\t<\/span>\n\t\t<\/div>\n\t\t\t\t\t\t<\/div>\n\t\t\t\t\t<\/div>\n\t\t\t\t<\/div>\n\t\t<div data-particle_enable=\"false\" data-particle-mobile-disabled=\"false\" class=\"elementor-element elementor-element-330be4f6 e-flex e-con-boxed e-con e-parent\" data-id=\"330be4f6\" data-element_type=\"container\" data-e-type=\"container\">\n\t\t\t\t\t<div class=\"e-con-inner\">\n\t\t<div data-particle_enable=\"false\" data-particle-mobile-disabled=\"false\" class=\"elementor-element elementor-element-65a15f72 e-con-full e-flex e-con e-child\" data-id=\"65a15f72\" data-element_type=\"container\" data-e-type=\"container\">\n\t\t\t\t<\/div>\n\t\t\t\t\t<\/div>\n\t\t\t\t<\/div>\n\t\t<div data-particle_enable=\"false\" data-particle-mobile-disabled=\"false\" class=\"elementor-element elementor-element-4e09d284 e-flex e-con-boxed e-con e-parent\" data-id=\"4e09d284\" data-element_type=\"container\" data-e-type=\"container\">\n\t\t\t\t\t<div class=\"e-con-inner\">\n\t\t\t\t<div class=\"elementor-element elementor-element-768f5b3 elementor-shape-rounded elementor-grid-0 e-grid-align-center elementor-widget elementor-widget-social-icons\" data-id=\"768f5b3\" data-element_type=\"widget\" data-e-type=\"widget\" id=\"yhteystiedot\" data-widget_type=\"social-icons.default\">\n\t\t\t\t\t\t\t<div class=\"elementor-social-icons-wrapper elementor-grid\" role=\"list\">\n\t\t\t\t\t\t\t<span class=\"elementor-grid-item\" role=\"listitem\">\n\t\t\t\t\t<a class=\"elementor-icon elementor-social-icon elementor-social-icon-facebook elementor-repeater-item-4609c47\" href=\"https:\/\/www.facebook.com\/epivetoy\/\" target=\"_blank\">\n\t\t\t\t\t\t<span class=\"elementor-screen-only\">Facebook<\/span>\n\t\t\t\t\t\t<svg aria-hidden=\"true\" class=\"e-font-icon-svg e-fab-facebook\" viewBox=\"0 0 512 512\" xmlns=\"http:\/\/www.w3.org\/2000\/svg\"><path d=\"M504 256C504 119 393 8 256 8S8 119 8 256c0 123.78 90.69 226.38 209.25 245V327.69h-63V256h63v-54.64c0-62.15 37-96.48 93.67-96.48 27.14 0 55.52 4.84 55.52 4.84v61h-31.28c-30.8 0-40.41 19.12-40.41 38.73V256h68.78l-11 71.69h-57.78V501C413.31 482.38 504 379.78 504 256z\"><\/path><\/svg>\t\t\t\t\t<\/a>\n\t\t\t\t<\/span>\n\t\t\t\t\t\t\t<span class=\"elementor-grid-item\" role=\"listitem\">\n\t\t\t\t\t<a class=\"elementor-icon elementor-social-icon elementor-social-icon-instagram elementor-repeater-item-98fb03d\" href=\"https:\/\/www.instagram.com\/epivet_oy\/\" target=\"_blank\">\n\t\t\t\t\t\t<span class=\"elementor-screen-only\">Instagram<\/span>\n\t\t\t\t\t\t<svg aria-hidden=\"true\" class=\"e-font-icon-svg e-fab-instagram\" viewBox=\"0 0 448 512\" xmlns=\"http:\/\/www.w3.org\/2000\/svg\"><path d=\"M224.1 141c-63.6 0-114.9 51.3-114.9 114.9s51.3 114.9 114.9 114.9S339 319.5 339 255.9 287.7 141 224.1 141zm0 189.6c-41.1 0-74.7-33.5-74.7-74.7s33.5-74.7 74.7-74.7 74.7 33.5 74.7 74.7-33.6 74.7-74.7 74.7zm146.4-194.3c0 14.9-12 26.8-26.8 26.8-14.9 0-26.8-12-26.8-26.8s12-26.8 26.8-26.8 26.8 12 26.8 26.8zm76.1 27.2c-1.7-35.9-9.9-67.7-36.2-93.9-26.2-26.2-58-34.4-93.9-36.2-37-2.1-147.9-2.1-184.9 0-35.8 1.7-67.6 9.9-93.9 36.1s-34.4 58-36.2 93.9c-2.1 37-2.1 147.9 0 184.9 1.7 35.9 9.9 67.7 36.2 93.9s58 34.4 93.9 36.2c37 2.1 147.9 2.1 184.9 0 35.9-1.7 67.7-9.9 93.9-36.2 26.2-26.2 34.4-58 36.2-93.9 2.1-37 2.1-147.8 0-184.8zM398.8 388c-7.8 19.6-22.9 34.7-42.6 42.6-29.5 11.7-99.5 9-132.1 9s-102.7 2.6-132.1-9c-19.6-7.8-34.7-22.9-42.6-42.6-11.7-29.5-9-99.5-9-132.1s-2.6-102.7 9-132.1c7.8-19.6 22.9-34.7 42.6-42.6 29.5-11.7 99.5-9 132.1-9s102.7-2.6 132.1 9c19.6 7.8 34.7 22.9 42.6 42.6 11.7 29.5 9 99.5 9 132.1s2.7 102.7-9 132.1z\"><\/path><\/svg>\t\t\t\t\t<\/a>\n\t\t\t\t<\/span>\n\t\t\t\t\t<\/div>\n\t\t\t\t\t\t<\/div>\n\t\t\t\t\t<\/div>\n\t\t\t\t<\/div>\n\t\t\t\t<\/div>\n\t\t","protected":false},"excerpt":{"rendered":"<p>Etusivu \u00bb Palvelumme \u00bb Henkil\u00f6kunta Hinnasto \u00bb Aukioloajat \u00bb Artikkelit \u00bb Galleria \u00bb Yhteystiedot \u00bb Henkil\u00f6kunta El\u00e4inl\u00e4\u00e4k\u00e4ri | perustaja | toimitusjohtaja Olen\u00a0Erno Miettinen\u00a0el\u00e4inl\u00e4\u00e4k\u00e4ri, EpiVet Oy:n perustaja ja toimitusjohtaja. Valmistuin el\u00e4inl\u00e4\u00e4k\u00e4riksi Helsingin yliopiston el\u00e4inl\u00e4\u00e4ketieteellisest\u00e4 tiedekunnasta Viikist\u00e4, ja minulla on l\u00e4hes yhdeks\u00e4n vuoden kokemus pienel\u00e4inl\u00e4\u00e4ketieteest\u00e4. Erityisosaamiseni painottuu pienel\u00e4inkirurgiaan. Teen ortopedisia leikkauksia, pehmytkudoskirurgiaa sek\u00e4 valikoidusti neurokirurgisia toimenpiteit\u00e4. Lis\u00e4ksi [&hellip;]<\/p>\n","protected":false},"author":2,"featured_media":0,"parent":0,"menu_order":0,"comment_status":"closed","ping_status":"closed","template":"elementor_header_footer","meta":{"footnotes":""},"class_list":["post-240","page","type-page","status-publish","hentry"],"_links":{"self":[{"href":"https:\/\/epi.vet\/index.php\/wp-json\/wp\/v2\/pages\/240","targetHints":{"allow":["GET"]}}],"collection":[{"href":"https:\/\/epi.vet\/index.php\/wp-json\/wp\/v2\/pages"}],"about":[{"href":"https:\/\/epi.vet\/index.php\/wp-json\/wp\/v2\/types\/page"}],"author":[{"embeddable":true,"href":"https:\/\/epi.vet\/index.php\/wp-json\/wp\/v2\/users\/2"}],"replies":[{"embeddable":true,"href":"https:\/\/epi.vet\/index.php\/wp-json\/wp\/v2\/comments?post=240"}],"version-history":[{"count":64,"href":"https:\/\/epi.vet\/index.php\/wp-json\/wp\/v2\/pages\/240\/revisions"}],"predecessor-version":[{"id":964,"href":"https:\/\/epi.vet\/index.php\/wp-json\/wp\/v2\/pages\/240\/revisions\/964"}],"wp:attachment":[{"href":"https:\/\/epi.vet\/index.php\/wp-json\/wp\/v2\/media?parent=240"}],"curies":[{"name":"wp","href":"https:\/\/api.w.org\/{rel}","templated":true}]}}